{"id":90,"date":"2023-03-14T10:49:07","date_gmt":"2023-03-14T10:49:07","guid":{"rendered":"https:\/\/bau-sanierung.ch\/?page_id=90"},"modified":"2023-03-14T10:49:07","modified_gmt":"2023-03-14T10:49:07","slug":"disclaimer","status":"publish","type":"page","link":"https:\/\/bau-sanierung.ch\/?page_id=90","title":{"rendered":"Disclaimer"},"content":{"rendered":"<div class=\"boldgrid-section\">\n<div class=\"container\">\n<div class=\"row\">\n<div class=\"col-lg-12 col-md-12 col-xs-12 col-sm-12\">\n<p class=\"\">&nbsp;<\/p>\n<h3 class=\"\"><strong>Bindendes Angebot und Vertragsverpflichtungen<\/strong><\/h3>\n<p class=\"\">Aufgelistete Leistungen oder Verkaufsartikel auf unserer Website sind grunds\u00e4tzlich kein bindendes Angebot. F\u00fcr ein bindendes Angebot MUSS eine offizielle Anfrage erfolgen und unsererseits ein schriftliches Angebot abgegeben werden. F\u00fcr einen rechtsg\u00fcltigen Vertrag muss eine Bestellung gem\u00e4\u00df dem Angebot unter Beachtung aller Gesch\u00e4ftsbedingungen und der Frist erfolgen.<\/p>\n<p>&nbsp;<\/p>\n<h3><strong>Urheberrecht<\/strong><\/h3>\n<p>die Informationen auf unserer Website sind urheberrechtlich gesch\u00fctzt. Die gewerbliche Nutzung und anderweitige Verwendung ist nur unter Zustimmung des Urhebers gestattet.<\/p>\n<p>&nbsp;<\/p>\n<\/div>\n<\/div>\n<\/div>\n<\/div>\n","protected":false},"excerpt":{"rendered":"<p>&nbsp; Bindendes Angebot und Vertragsverpflichtungen Aufgelistete Leistungen oder Verkaufsartikel auf unserer Website sind grunds\u00e4tzlich kein bindendes Angebot. F\u00fcr ein bindendes Angebot MUSS eine offizielle Anfrage erfolgen und unsererseits ein schriftliches &hellip; <\/p>\n","protected":false},"author":1,"featured_media":0,"parent":0,"menu_order":0,"comment_status":"closed","ping_status":"closed","template":"template\/page\/fullwidth.php","meta":{"bgseo_title":"","bgseo_description":"","bgseo_robots_index":"index","bgseo_robots_follow":"follow","_mi_skip_tracking":false},"aioseo_notices":[],"_links":{"self":[{"href":"https:\/\/bau-sanierung.ch\/index.php?rest_route=\/wp\/v2\/pages\/90"}],"collection":[{"href":"https:\/\/bau-sanierung.ch\/index.php?rest_route=\/wp\/v2\/pages"}],"about":[{"href":"https:\/\/bau-sanierung.ch\/index.php?rest_route=\/wp\/v2\/types\/page"}],"author":[{"embeddable":true,"href":"https:\/\/bau-sanierung.ch\/index.php?rest_route=\/wp\/v2\/users\/1"}],"replies":[{"embeddable":true,"href":"https:\/\/bau-sanierung.ch\/index.php?rest_route=%2Fwp%2Fv2%2Fcomments&post=90"}],"version-history":[{"count":1,"href":"https:\/\/bau-sanierung.ch\/index.php?rest_route=\/wp\/v2\/pages\/90\/revisions"}],"predecessor-version":[{"id":91,"href":"https:\/\/bau-sanierung.ch\/index.php?rest_route=\/wp\/v2\/pages\/90\/revisions\/91"}],"wp:attachment":[{"href":"https:\/\/bau-sanierung.ch\/index.php?rest_route=%2Fwp%2Fv2%2Fmedia&parent=90"}],"curies":[{"name":"wp","href":"https:\/\/api.w.org\/{rel}","templated":true}]}}