{"id":87,"date":"2023-03-14T10:47:23","date_gmt":"2023-03-14T10:47:23","guid":{"rendered":"https:\/\/bau-sanierung.ch\/?page_id=87"},"modified":"2023-05-08T15:34:16","modified_gmt":"2023-05-08T15:34:16","slug":"impressum","status":"publish","type":"page","link":"https:\/\/bau-sanierung.ch\/?page_id=87","title":{"rendered":"Impressum"},"content":{"rendered":"<div class=\"boldgrid-section\">\n<div class=\"container\">\n<div class=\"row\">\n<div class=\"col-lg-12 col-md-12 col-xs-12 col-sm-12\">\n<p class=\"\">&nbsp;<\/p>\n<p><strong>Datensicherheit<\/strong><\/p>\n<p class=\"\">Diese Website nutzt die SSL-Verschl\u00fcsselung (Secure Socket Layer) f\u00fcr die \u00dcbertragung von Daten Ihres Browsers zu unserem Server und zu Servern, die Dateien bereitstellen, welche wir auf unserer Website einbinden.<br \/>\nMit SSL werden Daten verschl\u00fcsselt \u00fcbertragen. Die Daten sind nicht ver\u00e4nderbar und der Absender kann identifiziert werden.<br \/>\nSie erkennen das Vorhandensein der SSL-Verschl\u00fcsselung anhand des vorangestellten Textes \u201ehttps\u201c vor der Adresse der Website, die sie im Browser aufrufen. Wir sichern unsere Webseite und sonstige IT-Systeme durch geeignete technische und organisatorische Ma\u00dfnahmen gegen Verlust, Zerst\u00f6rung, unberechtigten Zugriff, unberechtigte Ver\u00e4nderung oder unberechtigte Verbreitung Ihrer Daten ab. Ein vollst\u00e4ndiger Schutz gegen alle Gefahren ist praktisch trotz aller Sorgfalt jedoch nicht in jedem Fall m\u00f6glich. Weil bei der Kommunikation per E-Mail die vollst\u00e4ndige Datensicherheit von uns nicht gew\u00e4hrleistet werden kann, empfehlen wir zur \u00dcbermittlung von vertraulichen Informationen den Postweg.<br \/>\n&nbsp;<\/p>\n<p><strong>Widerrufsrecht<\/strong><\/p>\n<p>Sie haben jederzeit die M\u00f6glichkeit, der Erhebung, Verarbeitung und Nutzung Ihre Daten zu widersprechen und\/oder Ihre Einwilligung zur Erhebung, Verarbeitung und Weitergabe Ihrer personenbezogenen Daten uns gegen\u00fcber mit Wirkung f\u00fcr die Zukunft zu widerrufen. Daten f\u00fcr Abrechnungs- und buchhalterische Zwecke sind hiervon nicht ber\u00fchrt. Wenden Sie sich hierzu bitte an unsere im Impressum der Website angegebene Adresse.<br \/>\n&nbsp;<\/p>\n<p><strong>Allgemeine Erhebung von Daten<\/strong><\/p>\n<p>Wenn Sie auf unsere Website zugreifen oder eine Datei abrufen, werden Daten \u00fcber diesen Vorgang in einer Protokolldatei auf unserem Webserver gespeichert. Im Einzelnen k\u00f6nnen folgende Daten gespeichert werden:<\/p>\n<ul>\n<li>IP-Adresse (wenn m\u00f6glich, wird diese anonymisiert \u00fcbertragen oder gespeichert)<\/li>\n<li>Domain-Name der Website, von der Sie kamen<\/li>\n<li>Namen der abgerufenen Dateien<\/li>\n<li>Datum und Uhrzeit eines Abrufs<\/li>\n<li>Name Ihres Internet Service Providers<\/li>\n<li>sowie ggf. Betriebssystem und Browserversion Ihres Endger\u00e4ts<\/li>\n<\/ul>\n<p>IP-Adressen speichern wir, wenn \u00fcberhaupt, \u00fcber einen Zeitraum von wenigen Tagen. Die Speicherung erfolgt aus Datensicherheitsgr\u00fcnden, um die Stabilit\u00e4t und die Sicherheit unseres Systems zu gew\u00e4hrleisten. Die statistische Auswertung anonymisierter Datens\u00e4tze bleibt vorbehalten.<\/p>\n<p>&nbsp;<\/p>\n<p><strong>\u00c4nderungen dieser Datenschutzerkl\u00e4rung<\/strong><\/p>\n<p>Wir behalten uns vor, diese Datenschutzerkl\u00e4rung zu \u00e4ndern, wenn sich die Rechtslage oder dieses Online-Angebot oder die Art der Datenerfassung \u00e4ndert. Dies gilt jedoch nur bez\u00fcglich Erkl\u00e4rungen zur Datenverarbeitung. Sofern eine Einwilligung des Nutzers notwendig ist oder Bestandteile der Datenschutzerkl\u00e4rung eine Regelung des Vertragsverh\u00e4ltnisses mit Nutzern enthalten, erfolgt die \u00c4nderung der Datenschutzerkl\u00e4rung nur nach Zustimmung des Nutzers.Bitte informieren Sie sich daher bei Bedarf \u00fcber diese Datenschutzerkl\u00e4rung, insbesondere, wenn Sie personenbezogene Daten mitteilen.<\/p>\n<p><strong>&nbsp;<\/strong><\/p>\n<p><strong>Google Analytics<\/strong><\/p>\n<p>Unsere Internetseite verwendet den Analysedienst Google Analytics. Dieser Webanalysedienst wird von der Google Inc., 1600 Amphitheatre Parkway, Mountain View, CA 94043, USA (im Folgenden kurz: Google) betrieben. Dieses Analysetool funktioniert auf Grundlage von Cookies. Ein Cookie ist eine Textdatei, die beim Besuch einer Internetseite verschickt und auf der Festplatte des Nutzers der Website zwischengespeichert wird um eine Analyse der Benutzung der Webseite durch Sie zu erm\u00f6glichen. Die durch den Cookie gespeicherten Informationen werden in der Regel an einen Server von Google in den USA \u00fcbertragen und dort dann gespeichert. Im Rahmen der IP-Anonymisierung wird Ihre IP-Adresse von Google innerhalb eines Mitgliedsstaates der EU oder einem anderen Vertragsstaat des Abkommens \u00fcber den europ\u00e4ischen Wirtschaftsraum zuvor gek\u00fcrzt. In unserem Auftrag wird Google die \u00fcbertragenen Informationen nutzen, um einen Report \u00fcber die Nutzung der Webseite zu erstellen. Die im Rahmen von Google Analytics \u00fcbermittelte IP-Adresse wird nicht mit anderen Daten von Google zusammengef\u00fchrt. Wenn Sie die Nutzung von Cookies unterbinden m\u00f6chten, k\u00f6nnen Sie dies durch lokale Vornahme der \u00c4nderungen Ihrer Einstellungen in dem auf Ihrem Computer verwendeten Internetbrowser (z.B. Safari, Internet Explorer, Opera, Firefox etc.), also dem Programm zum \u00d6ffnen und Anzeigen von Internetseiten tun. Ferner k\u00f6nnen Sie die Erfassung und Verarbeitung Ihrer Daten durch den Cookie von Google verhindern, indem Sie ein unter dem folgenden Link von Google angebotenes Browser-Plugin herunterladen und installieren:&nbsp;<a href=\"http:\/\/tools.google.com\/dlpage\/gaoptout?hl=de.Weitere\">http:\/\/tools.google.com\/dlpage\/gaoptout?hl=de.Weitere<\/a>&nbsp;Informationen zu den Nutzungsbedingungen und zum Datenschutz von Google und Google Analytics finden Sie unter&nbsp;<a href=\"http:\/\/www.google.com\/analytics\/terms\/de.html\">http:\/\/www.google.com\/analytics\/terms\/de.html<\/a>&nbsp;sowie unter&nbsp;<a href=\"https:\/\/www.google.de\/intl\/de\/policies\/\">https:\/\/www.google.de\/intl\/de\/policies\/<\/a>. Wir weisen darauf hin, dass Google Analytics um die Erweiterung \u201eanonymizeIp\u201c erg\u00e4nzt wurde. Damit wird anonymisierte Erfassung von IP-Adressen gew\u00e4hrleistet.<\/p>\n<p><strong>Google-Tag-Manager<\/strong><\/p>\n<p>Wir verwenden den Google Tag Manager der Firma Google Inc., 1600 Amphitheatre Parkway, Mountain View, CA 94043, USA (\u201eGoogle\u201c). Der Google Tag Manager ist eine cookielose Domain und erfasst keine personenbezogenen Daten. Das Tool sorgt f\u00fcr die Ausl\u00f6sung anderer Komponenten, die ihrerseits unter Umst\u00e4nden Daten erfassen. Google Tag Manager greift nicht auf diese Daten zu. Wenn auf Domain- oder Cookie-Ebene eine Deaktivierung vorgenommen wurde, bleibt diese f\u00fcr alle Tracking-Tags bestehen, die mit Google Tag Manager implementiert werden.<br \/>\n&nbsp;<\/p>\n<p>Auskunftsrecht, Recht auf Berichtigung, Sperrung, L\u00f6schung<\/p>\n<p>Auf schriftliche Anfrage informieren wir Sie \u00fcber die zu Ihrer Person durch uns gespeicherten Daten. Sie haben auch ein Recht auf Berichtigung, Sperrung oder L\u00f6schung dieser Daten. Die Anfrage ist an unsere im Impressum der Website angegebene Adresse zu richten.<\/p>\n<p>&nbsp;<\/p>\n<p><strong>Google Web Fonts und Hosted Libraries (open-source Java Script libraries)<\/strong><\/p>\n<p>Diese Seite nutzt zur einheitlichen Darstellung von Schriftarten so genannte Web Fonts, die von Google bereitgestellt werden. Anbieter ist die Google Inc. (<a href=\"https:\/\/www.google.de\/intl\/de\/about\/\">https:\/\/www.google.de\/intl\/de\/about\/<\/a>) (1600 Amphitheatre Parkway, Mountain View, CA 94043, USA; im Folgenden \u201eGoogle\u201c).<\/p>\n<p>Beim Aufruf unserer Seite l\u00e4dt Ihr Browser die ben\u00f6tigten Schriftarten von Google in ihren Browsercache, um Texte korrekt anzuzeigen. Wenn Ihr Browser Web Fonts nicht unterst\u00fctzt, wird eine Standardschrift von Ihrem Computer genutzt.<\/p>\n<p>Google Web Fonts werden aus dem Google Hosted Libraries geladen. Weitere Informationen \u00fcber die Google Hosted Libraries finden Sie unter:&nbsp;<a href=\"https:\/\/developers.google.com\/speed\/libraries\/\">https:\/\/developers.google.com\/speed\/libraries\/<\/a>. Weitere Informationen zum Datenschutz im Zusammenhang mit Google Web Fonts finden Sie unter&nbsp;<a href=\"https:\/\/developers.google.com\/fonts\/faq\">https:\/\/developers.google.com\/fonts\/faq<\/a>&nbsp;und in der Datenschutzerkl\u00e4rung von Google:&nbsp;<a href=\"https:\/\/www.google.com\/policies\/privacy\/\">https:\/\/www.google.com\/policies\/privacy\/<\/a><br \/>\n&nbsp;<\/p>\n<p class=\"\"><strong>Kontaktformular<\/strong><\/p>\n<p class=\"\">Wenn Sie uns per Kontaktformular Anfragen zukommen lassen, werden Ihre Angaben aus dem Anfrageformular inklusive der von Ihnen dort angegebenen Kontaktdaten zwecks Bearbeitung der Anfrage und f\u00fcr den Fall von Anschlussfragen bei uns gespeichert und verarbeitet. Sie k\u00f6nnen dem jederzeit widersprechen (Widerrufsrecht). Ihre Daten geben wir nicht ohne Ihre Einwilligung weiter.<br \/>\n&nbsp;<\/p>\n<p><strong>Auskunft und Fragen<\/strong><\/p>\n<p>Falls Sie Fragen zu dieser Datenschutzerkl\u00e4rung haben, z.B. zur Einsicht oder Aktualisierung Ihrer personenbezogenen Daten, wenden Sie sich bitte an die folgende Adresse:<\/p>\n<p class=\"\">Email:&nbsp;<a href=\"mailto:info@bau-sanierung.ch\">info@bau-sanierung.ch<\/a><br \/>\nWebsite:&nbsp;<a href=\"https:\/\/www.bau-sanierung.ch\">https:\/\/www.bau-sanierung.ch<\/a><br \/>\nTelefon: +41 78 2309311<\/p>\n<\/div>\n<\/div>\n<\/div>\n<\/div>\n","protected":false},"excerpt":{"rendered":"<p>&nbsp; Datensicherheit Diese Website nutzt die SSL-Verschl\u00fcsselung (Secure Socket Layer) f\u00fcr die \u00dcbertragung von Daten Ihres Browsers zu unserem Server und zu Servern, die Dateien bereitstellen, welche wir auf unserer &hellip; <\/p>\n","protected":false},"author":1,"featured_media":0,"parent":0,"menu_order":0,"comment_status":"closed","ping_status":"closed","template":"template\/page\/fullwidth.php","meta":{"bgseo_title":"","bgseo_description":"","bgseo_robots_index":"index","bgseo_robots_follow":"follow","_mi_skip_tracking":false},"aioseo_notices":[],"_links":{"self":[{"href":"https:\/\/bau-sanierung.ch\/index.php?rest_route=\/wp\/v2\/pages\/87"}],"collection":[{"href":"https:\/\/bau-sanierung.ch\/index.php?rest_route=\/wp\/v2\/pages"}],"about":[{"href":"https:\/\/bau-sanierung.ch\/index.php?rest_route=\/wp\/v2\/types\/page"}],"author":[{"embeddable":true,"href":"https:\/\/bau-sanierung.ch\/index.php?rest_route=\/wp\/v2\/users\/1"}],"replies":[{"embeddable":true,"href":"https:\/\/bau-sanierung.ch\/index.php?rest_route=%2Fwp%2Fv2%2Fcomments&post=87"}],"version-history":[{"count":3,"href":"https:\/\/bau-sanierung.ch\/index.php?rest_route=\/wp\/v2\/pages\/87\/revisions"}],"predecessor-version":[{"id":305,"href":"https:\/\/bau-sanierung.ch\/index.php?rest_route=\/wp\/v2\/pages\/87\/revisions\/305"}],"wp:attachment":[{"href":"https:\/\/bau-sanierung.ch\/index.php?rest_route=%2Fwp%2Fv2%2Fmedia&parent=87"}],"curies":[{"name":"wp","href":"https:\/\/api.w.org\/{rel}","templated":true}]}}